{"id":1425,"date":"2017-05-29T08:37:54","date_gmt":"2017-05-29T06:37:54","guid":{"rendered":"http:\/\/croestate.novevibracije.com\/property-management-services\/"},"modified":"2023-06-09T11:02:39","modified_gmt":"2023-06-09T09:02:39","slug":"odrzavanje-nekretnina","status":"publish","type":"page","link":"https:\/\/dev.croatian.estate\/hr\/odrzavanje-nekretnina\/","title":{"rendered":"Odr\u017eavanje nekretnina"},"content":{"rendered":"<h1>Odr\u017eavanje nekretnina<\/h1>\n<p>Rado \u0107emo preuzeti brigu o va\u0161oj nekretenini dok niste u Hrvatskoj \u2013 od osnovnog odr\u017eavanja do popravaka. Stoga, gdje god se nalazili, mo\u017eete biti mirni znaju\u0107i da \u0107emo u najkra\u0107em roku ukloniti bilo kakve kvarove ili o\u0161te\u0107enja na nekretnini. Ovu uslugu nudimo u dva paketa, osnovni i pro\u0161ireni paket.<\/p>\n<h3>OSNOVNI PAKET<\/h3>\n<p>Ovaj paket podrazumijeva osnovnu brigu o nekretnini, tj.:<\/p>\n<ul>\n<li>\u010duvanje klju\u010deva i otvaranje nekretnine gostima prema va\u0161im uputama<\/li>\n<li>redoviti mjese\u010dni obilasci i pregled stanja nekretnine<\/li>\n<li>mjese\u010dna izvje\u0161\u0107a e-mailom o stanju nekretnine uklju\u010duju\u0107i fotografije<\/li>\n<li>ugovaranje popravaka po potrebi<\/li>\n<li>preuzimanje po\u0161te<\/li>\n<\/ul>\n<p>Cijena: 150\u20ac\/mjese\u010dno<\/p>\n<h3>PRO\u0160IRENI PAKET<\/h3>\n<p>Ovom uslugom potpuno preuzimamo brigu o va\u0161oj nekretnini: osim usluga Osnovnog paketa, pru\u017eamo vam i dodatne usluge:<\/p>\n<ul>\n<li>\u010duvanje klju\u010deva i otvaranje nekretnine gostima prema va\u0161im uputama<\/li>\n<li>obilazak nekretnine dva puta mjese\u010dno + obilazak nakon jakih vremenskih nepogoda<\/li>\n<li>mjese\u010dna izvje\u0161\u0107a e-mailom o stanju nekretnine uklju\u010duju\u0107i fotografije<\/li>\n<li>kontakti s va\u0161im knjigovo\u0111om, dogovaranje oko pla\u0107anja ra\u010duna<\/li>\n<li>otvaranje i prevo\u0111enje e-mailova i po\u0161te vezane za va\u0161u nekretninu<\/li>\n<li>osnovno odr\u017eavanje vrta i terasa po potrebi<\/li>\n<li>provjeravanje ispravnosti ure\u0111aja i bijele tehnike, te elektri\u010dnih i vodovodnih instalacija<\/li>\n<li>ugovaranje popravaka po potrebi<\/li>\n<li>priprema nekretnine za va\u0161 dolazak (po potrebi, kupovina namirnica, uklju\u010divanje grijanja i sl.).<\/li>\n<\/ul>\n<p>Cijena: 200\u20ac\/mjese\u010dno<\/p>\n","protected":false},"excerpt":{"rendered":"<p>Odr\u017eavanje nekretnina Rado \u0107emo preuzeti brigu o va\u0161oj nekretenini dok niste u Hrvatskoj \u2013 od osnovnog odr\u017eavanja do popravaka. Stoga, gdje god se nalazili, mo\u017eete biti mirni znaju\u0107i da \u0107emo u najkra\u0107em roku ukloniti bilo kakve kvarove ili o\u0161te\u0107enja na nekretnini. Ovu uslugu nudimo u dva paketa, osnovni i pro\u0161ireni paket. OSNOVNI PAKET Ovaj paket&#8230;<\/p>\n","protected":false},"author":1,"featured_media":38649,"parent":0,"menu_order":0,"comment_status":"closed","ping_status":"closed","template":"","meta":[],"_links":{"self":[{"href":"https:\/\/dev.croatian.estate\/hr\/wp-json\/wp\/v2\/pages\/1425"}],"collection":[{"href":"https:\/\/dev.croatian.estate\/hr\/wp-json\/wp\/v2\/pages"}],"about":[{"href":"https:\/\/dev.croatian.estate\/hr\/wp-json\/wp\/v2\/types\/page"}],"author":[{"embeddable":true,"href":"https:\/\/dev.croatian.estate\/hr\/wp-json\/wp\/v2\/users\/1"}],"replies":[{"embeddable":true,"href":"https:\/\/dev.croatian.estate\/hr\/wp-json\/wp\/v2\/comments?post=1425"}],"version-history":[{"count":0,"href":"https:\/\/dev.croatian.estate\/hr\/wp-json\/wp\/v2\/pages\/1425\/revisions"}],"wp:featuredmedia":[{"embeddable":true,"href":"https:\/\/dev.croatian.estate\/hr\/wp-json\/wp\/v2\/media\/38649"}],"wp:attachment":[{"href":"https:\/\/dev.croatian.estate\/hr\/wp-json\/wp\/v2\/media?parent=1425"}],"curies":[{"name":"wp","href":"https:\/\/api.w.org\/{rel}","templated":true}]}}